{"id":19,"date":"2024-05-02T11:23:53","date_gmt":"2024-05-02T11:23:53","guid":{"rendered":"https:\/\/mayaresidence.ro\/?page_id=19"},"modified":"2024-05-17T14:37:37","modified_gmt":"2024-05-17T14:37:37","slug":"specificatii-tehnice","status":"publish","type":"page","link":"https:\/\/mayaresidence.ro\/index.php\/specificatii-tehnice\/","title":{"rendered":"Specificatii tehnice"},"content":{"rendered":"\n<div class=\"wp-block-media-text is-stacked-on-mobile\"><figure class=\"wp-block-media-text__media\"><\/figure><div class=\"wp-block-media-text__content\">\n<h2 class=\"wp-block-heading\">Proiectare<\/h2>\n\n\n\n<p>pentru a optimiza toate procesele.<\/p>\n<\/div><\/div>\n\n\n\n<div class=\"wp-block-media-text is-stacked-on-mobile\"><figure class=\"wp-block-media-text__media\"><\/figure><div class=\"wp-block-media-text__content\">\n<h2 class=\"wp-block-heading\">Structur\u0103<\/h2>\n\n\n\n<p><\/p>\n<\/div><\/div>\n\n\n\n<div class=\"wp-block-media-text is-stacked-on-mobile\"><figure class=\"wp-block-media-text__media\"><\/figure><div class=\"wp-block-media-text__content\">\n<h2 class=\"wp-block-heading\">Izolare termic\u0103<\/h2>\n\n\n\n<p><\/p>\n<\/div><\/div>\n\n\n\n<div class=\"wp-block-media-text is-stacked-on-mobile\"><figure class=\"wp-block-media-text__media\"><\/figure><div class=\"wp-block-media-text__content\">\n<h2 class=\"wp-block-heading\">\u00cenc\u0103lzire<\/h2>\n\n\n\n<p><\/p>\n<\/div><\/div>\n\n\n\n<div class=\"wp-block-media-text is-stacked-on-mobile\"><figure class=\"wp-block-media-text__media\"><\/figure><div class=\"wp-block-media-text__content\">\n<h2 class=\"wp-block-heading\">Fa\u021bad\u0103 ventilat\u0103<\/h2>\n\n\n\n<p><\/p>\n<\/div><\/div>\n\n\n\n<div class=\"wp-block-media-text is-stacked-on-mobile\"><figure class=\"wp-block-media-text__media\"><\/figure><div class=\"wp-block-media-text__content\">\n<h2 class=\"wp-block-heading\">Izolare fonic\u0103<\/h2>\n\n\n\n<p><\/p>\n<\/div><\/div>\n\n\n\n<div class=\"wp-block-media-text is-stacked-on-mobile\"><figure class=\"wp-block-media-text__media\"><\/figure><div class=\"wp-block-media-text__content\">\n<h2 class=\"wp-block-heading\">Parchet<\/h2>\n\n\n\n<p>Toate casele vor avea parchet premium.<\/p>\n<\/div><\/div>\n\n\n\n<div class=\"wp-block-media-text is-stacked-on-mobile\"><figure class=\"wp-block-media-text__media\"><\/figure><div class=\"wp-block-media-text__content\">\n<h2 class=\"wp-block-heading\">\u00cenc\u0103lzire prin pardoseal\u0103<\/h2>\n\n\n\n<p>\u021aevile de \u00eenc\u0103lzire sunt ascunse \u00een pardoseal\u0103 ca s\u0103 te bucuri de confort \u0219i s\u0103 nu ai \u021bevi inestetice \u00een cas\u0103.<\/p>\n<\/div><\/div>\n\n\n\n<div class=\"wp-block-media-text is-stacked-on-mobile\"><figure class=\"wp-block-media-text__media\"><\/figure><div class=\"wp-block-media-text__content\">\n<h2 class=\"wp-block-heading\">U\u0219i<\/h2>\n\n\n\n<p>U\u0219i premium<\/p>\n<\/div><\/div>\n\n\n\n<div class=\"wp-block-media-text is-stacked-on-mobile\"><figure class=\"wp-block-media-text__media\"><\/figure><div class=\"wp-block-media-text__content\">\n<h2 class=\"wp-block-heading\">Obiecte sanitare &#8211; Ideal Standard<\/h2>\n\n\n\n<p><\/p>\n<\/div><\/div>\n\n\n\n<div class=\"wp-block-media-text is-stacked-on-mobile\"><figure class=\"wp-block-media-text__media\"><\/figure><div class=\"wp-block-media-text__content\">\n<h2 class=\"wp-block-heading\">Gresie \u0219i faian\u021b\u0103 &#8211; Spania, Italia<\/h2>\n\n\n\n<p><\/p>\n<\/div><\/div>\n\n\n\n<div class=\"wp-block-media-text is-stacked-on-mobile\"><figure class=\"wp-block-media-text__media\"><\/figure><div class=\"wp-block-media-text__content\">\n<h2 class=\"wp-block-heading\">T\u00e2mpl\u0103rie &#8211; &#8230;<\/h2>\n\n\n\n<p>Pentru a asigura un confort sporit, dar \u0219i pentru a eficientiza costurile am ales s\u0103 folosim t\u00e2mpl\u0103rie de cea mai bun\u0103 calitate.<\/p>\n\n\n\n<div class=\"wp-block-buttons is-layout-flex wp-block-buttons-is-layout-flex\">\n<div class=\"wp-block-button\"><a class=\"wp-block-button__link wp-element-button\">Descarca fisa tehnica &#8230;<\/a><\/div>\n<\/div>\n<\/div><\/div>\n","protected":false},"excerpt":{"rendered":"<p>Proiectare pentru a optimiza toate procesele. Structur\u0103 Izolare termic\u0103 \u00cenc\u0103lzire Fa\u021bad\u0103 ventilat\u0103 Izolare fonic\u0103 Parchet Toate casele vor avea parchet premium. \u00cenc\u0103lzire prin pardoseal\u0103 \u021aevile de \u00eenc\u0103lzire sunt ascunse \u00een pardoseal\u0103 ca s\u0103 te bucuri de confort \u0219i s\u0103 nu ai \u021bevi inestetice \u00een cas\u0103. U\u0219i U\u0219i premium Obiecte sanitare &#8211; Ideal Standard Gresie \u0219i [&hellip;]<\/p>\n","protected":false},"author":1,"featured_media":0,"parent":0,"menu_order":0,"comment_status":"closed","ping_status":"closed","template":"","meta":{"inline_featured_image":false,"footnotes":""},"class_list":["post-19","page","type-page","status-publish","hentry"],"_links":{"self":[{"href":"https:\/\/mayaresidence.ro\/index.php\/wp-json\/wp\/v2\/pages\/19","targetHints":{"allow":["GET"]}}],"collection":[{"href":"https:\/\/mayaresidence.ro\/index.php\/wp-json\/wp\/v2\/pages"}],"about":[{"href":"https:\/\/mayaresidence.ro\/index.php\/wp-json\/wp\/v2\/types\/page"}],"author":[{"embeddable":true,"href":"https:\/\/mayaresidence.ro\/index.php\/wp-json\/wp\/v2\/users\/1"}],"replies":[{"embeddable":true,"href":"https:\/\/mayaresidence.ro\/index.php\/wp-json\/wp\/v2\/comments?post=19"}],"version-history":[{"count":13,"href":"https:\/\/mayaresidence.ro\/index.php\/wp-json\/wp\/v2\/pages\/19\/revisions"}],"predecessor-version":[{"id":287,"href":"https:\/\/mayaresidence.ro\/index.php\/wp-json\/wp\/v2\/pages\/19\/revisions\/287"}],"wp:attachment":[{"href":"https:\/\/mayaresidence.ro\/index.php\/wp-json\/wp\/v2\/media?parent=19"}],"curies":[{"name":"wp","href":"https:\/\/api.w.org\/{rel}","templated":true}]}}