{"id":2,"date":"2024-05-02T10:38:28","date_gmt":"2024-05-02T10:38:28","guid":{"rendered":"https:\/\/mayaresidence.ro\/?page_id=2"},"modified":"2026-04-10T11:51:48","modified_gmt":"2026-04-10T11:51:48","slug":"acasa","status":"publish","type":"page","link":"https:\/\/mayaresidence.ro\/","title":{"rendered":"V\u0103 ureaz\u0103 S\u0103rb\u0103tori Fericite si un Pa\u0219te Fericit!"},"content":{"rendered":"<h1 class=\"wp-block-site-title\"><a href=\"https:\/\/mayaresidence.ro\" target=\"_self\" rel=\"home\">Mayaresidence<\/a><\/h1>\n\n\n<p>complex residential de lux<\/p>\n\n\n\n<div class=\"wp-block-cover is-light\"><img fetchpriority=\"high\" decoding=\"async\" width=\"1600\" height=\"900\" class=\"wp-block-cover__image-background wp-image-140\" alt=\"\" src=\"https:\/\/mayaresidence.ro\/wp-content\/uploads\/2024\/05\/fatada.jpg\" data-object-fit=\"cover\" srcset=\"https:\/\/mayaresidence.ro\/wp-content\/uploads\/2024\/05\/fatada.jpg 1600w, https:\/\/mayaresidence.ro\/wp-content\/uploads\/2024\/05\/fatada-300x169.jpg 300w, https:\/\/mayaresidence.ro\/wp-content\/uploads\/2024\/05\/fatada-1024x576.jpg 1024w, https:\/\/mayaresidence.ro\/wp-content\/uploads\/2024\/05\/fatada-768x432.jpg 768w, https:\/\/mayaresidence.ro\/wp-content\/uploads\/2024\/05\/fatada-1536x864.jpg 1536w, https:\/\/mayaresidence.ro\/wp-content\/uploads\/2024\/05\/fatada-850x478.jpg 850w\" sizes=\"(max-width: 1600px) 100vw, 1600px\" \/><span aria-hidden=\"true\" class=\"wp-block-cover__background has-background-dim\" style=\"background-color:#8390a0\"><\/span><div class=\"wp-block-cover__inner-container is-layout-constrained wp-block-cover-is-layout-constrained\">\n<p class=\"has-text-align-center has-large-font-size\"><\/p>\n<\/div><\/div>\n\n\n<h2 class=\"wp-block-post-title\">V\u0103 ureaz\u0103 S\u0103rb\u0103tori Fericite si un Pa\u0219te Fericit!<\/h2>\n\n\n<div class=\"wp-block-columns is-layout-flex wp-container-core-columns-is-layout-9d6595d7 wp-block-columns-is-layout-flex\">\n<div class=\"wp-block-column is-layout-flow wp-block-column-is-layout-flow\" style=\"flex-basis:33.33%\">\n<figure class=\"wp-block-video\"><video height=\"480\" style=\"aspect-ratio: 852 \/ 480;\" width=\"852\" controls src=\"https:\/\/mayaresidence.ro\/wp-content\/uploads\/2024\/05\/video-exterior-comprimat.mp4\"><\/video><\/figure>\n<\/div>\n\n\n\n<div class=\"wp-block-column is-layout-flow wp-block-column-is-layout-flow\" style=\"flex-basis:66.66%\">\n<p>Mayaresidence<\/p>\n\n\n\n<details class=\"wp-block-details is-layout-flow wp-block-details-is-layout-flow\"><summary>Complex rezidential situat in apropiere de Municipiul Ramnicu Valcea, in vecinatatea raului Olt<\/summary>\n<p><\/p>\n\n\n\n<div class=\"wp-block-columns is-layout-flex wp-container-core-columns-is-layout-9d6595d7 wp-block-columns-is-layout-flex\">\n<div class=\"wp-block-column is-layout-flow wp-block-column-is-layout-flow\">\n<div class=\"wp-block-media-text is-stacked-on-mobile\"><figure class=\"wp-block-media-text__media\"><\/figure><div class=\"wp-block-media-text__content\">\n<p>Regim de inaltime<\/p>\n<\/div><\/div>\n<\/div>\n\n\n\n<div class=\"wp-block-column is-layout-flow wp-block-column-is-layout-flow\">\n<div class=\"wp-block-media-text is-stacked-on-mobile\"><figure class=\"wp-block-media-text__media\"><\/figure><div class=\"wp-block-media-text__content\">\n<p>Suprafata curte<\/p>\n<\/div><\/div>\n<\/div>\n\n\n\n<div class=\"wp-block-column is-layout-flow wp-block-column-is-layout-flow\">\n<div class=\"wp-block-media-text is-stacked-on-mobile\"><figure class=\"wp-block-media-text__media\"><\/figure><div class=\"wp-block-media-text__content\">\n<p>Facilitati<\/p>\n<\/div><\/div>\n<\/div>\n<\/div>\n\n\n\n<div class=\"wp-block-buttons is-layout-flex wp-block-buttons-is-layout-flex\">\n<div class=\"wp-block-button\"><a class=\"wp-block-button__link wp-element-button\" href=\"https:\/\/mayaresidence.ro\/index.php\/preturi\/\">Vezi preturi<\/a><\/div>\n<\/div>\n<\/details>\n<\/div>\n<\/div>\n\n\n\n<div class=\"wp-block-columns is-layout-flex wp-container-core-columns-is-layout-9d6595d7 wp-block-columns-is-layout-flex\">\n<div class=\"wp-block-column is-layout-flow wp-block-column-is-layout-flow\">\n<div class=\"wp-block-group\"><div class=\"wp-block-group__inner-container is-layout-constrained wp-block-group-is-layout-constrained\">\n<figure class=\"wp-block-gallery has-nested-images columns-default is-cropped wp-block-gallery-1 is-layout-flex wp-block-gallery-is-layout-flex\">\n<figure class=\"wp-block-image size-large\"><img decoding=\"async\" width=\"1024\" height=\"576\" data-id=\"222\" src=\"https:\/\/mayaresidence.ro\/wp-content\/uploads\/2024\/05\/PHOTO-2024-05-10-12-58-47-1024x576.jpg\" alt=\"\" class=\"wp-image-222\" srcset=\"https:\/\/mayaresidence.ro\/wp-content\/uploads\/2024\/05\/PHOTO-2024-05-10-12-58-47-1024x576.jpg 1024w, https:\/\/mayaresidence.ro\/wp-content\/uploads\/2024\/05\/PHOTO-2024-05-10-12-58-47-300x169.jpg 300w, https:\/\/mayaresidence.ro\/wp-content\/uploads\/2024\/05\/PHOTO-2024-05-10-12-58-47-768x432.jpg 768w, https:\/\/mayaresidence.ro\/wp-content\/uploads\/2024\/05\/PHOTO-2024-05-10-12-58-47-1536x864.jpg 1536w, https:\/\/mayaresidence.ro\/wp-content\/uploads\/2024\/05\/PHOTO-2024-05-10-12-58-47-850x478.jpg 850w, https:\/\/mayaresidence.ro\/wp-content\/uploads\/2024\/05\/PHOTO-2024-05-10-12-58-47.jpg 1920w\" sizes=\"(max-width: 1024px) 100vw, 1024px\" \/><\/figure>\n\n\n\n<figure class=\"wp-block-image size-large\"><img decoding=\"async\" width=\"1024\" height=\"576\" data-id=\"224\" src=\"https:\/\/mayaresidence.ro\/wp-content\/uploads\/2024\/05\/PHOTO-2024-05-10-12-58-48-2-1024x576.jpg\" alt=\"\" class=\"wp-image-224\" srcset=\"https:\/\/mayaresidence.ro\/wp-content\/uploads\/2024\/05\/PHOTO-2024-05-10-12-58-48-2-1024x576.jpg 1024w, https:\/\/mayaresidence.ro\/wp-content\/uploads\/2024\/05\/PHOTO-2024-05-10-12-58-48-2-300x169.jpg 300w, https:\/\/mayaresidence.ro\/wp-content\/uploads\/2024\/05\/PHOTO-2024-05-10-12-58-48-2-768x432.jpg 768w, https:\/\/mayaresidence.ro\/wp-content\/uploads\/2024\/05\/PHOTO-2024-05-10-12-58-48-2-1536x864.jpg 1536w, https:\/\/mayaresidence.ro\/wp-content\/uploads\/2024\/05\/PHOTO-2024-05-10-12-58-48-2-850x478.jpg 850w, https:\/\/mayaresidence.ro\/wp-content\/uploads\/2024\/05\/PHOTO-2024-05-10-12-58-48-2.jpg 1920w\" sizes=\"(max-width: 1024px) 100vw, 1024px\" \/><\/figure>\n\n\n\n<figure class=\"wp-block-image size-large\"><img loading=\"lazy\" decoding=\"async\" width=\"1024\" height=\"576\" data-id=\"223\" src=\"https:\/\/mayaresidence.ro\/wp-content\/uploads\/2024\/05\/PHOTO-2024-05-10-12-58-48-1-1024x576.jpg\" alt=\"\" class=\"wp-image-223\" srcset=\"https:\/\/mayaresidence.ro\/wp-content\/uploads\/2024\/05\/PHOTO-2024-05-10-12-58-48-1-1024x576.jpg 1024w, https:\/\/mayaresidence.ro\/wp-content\/uploads\/2024\/05\/PHOTO-2024-05-10-12-58-48-1-300x169.jpg 300w, https:\/\/mayaresidence.ro\/wp-content\/uploads\/2024\/05\/PHOTO-2024-05-10-12-58-48-1-768x432.jpg 768w, https:\/\/mayaresidence.ro\/wp-content\/uploads\/2024\/05\/PHOTO-2024-05-10-12-58-48-1-1536x864.jpg 1536w, https:\/\/mayaresidence.ro\/wp-content\/uploads\/2024\/05\/PHOTO-2024-05-10-12-58-48-1-850x478.jpg 850w, https:\/\/mayaresidence.ro\/wp-content\/uploads\/2024\/05\/PHOTO-2024-05-10-12-58-48-1.jpg 1920w\" sizes=\"(max-width: 1024px) 100vw, 1024px\" \/><\/figure>\n\n\n\n<figure class=\"wp-block-image size-large\"><img loading=\"lazy\" decoding=\"async\" width=\"1024\" height=\"576\" data-id=\"225\" src=\"https:\/\/mayaresidence.ro\/wp-content\/uploads\/2024\/05\/PHOTO-2024-05-10-12-58-48-1024x576.jpg\" alt=\"\" class=\"wp-image-225\" srcset=\"https:\/\/mayaresidence.ro\/wp-content\/uploads\/2024\/05\/PHOTO-2024-05-10-12-58-48-1024x576.jpg 1024w, https:\/\/mayaresidence.ro\/wp-content\/uploads\/2024\/05\/PHOTO-2024-05-10-12-58-48-300x169.jpg 300w, https:\/\/mayaresidence.ro\/wp-content\/uploads\/2024\/05\/PHOTO-2024-05-10-12-58-48-768x432.jpg 768w, https:\/\/mayaresidence.ro\/wp-content\/uploads\/2024\/05\/PHOTO-2024-05-10-12-58-48-1536x864.jpg 1536w, https:\/\/mayaresidence.ro\/wp-content\/uploads\/2024\/05\/PHOTO-2024-05-10-12-58-48-850x478.jpg 850w, https:\/\/mayaresidence.ro\/wp-content\/uploads\/2024\/05\/PHOTO-2024-05-10-12-58-48.jpg 1920w\" sizes=\"(max-width: 1024px) 100vw, 1024px\" \/><\/figure>\n<\/figure>\n<\/div><\/div>\n<\/div>\n<\/div>\n\n\n\n<p>Interioare<\/p>\n\n\n\n<figure class=\"wp-block-gallery has-nested-images columns-default is-cropped wp-block-gallery-2 is-layout-flex wp-block-gallery-is-layout-flex\">\n<figure class=\"wp-block-image size-large\"><img loading=\"lazy\" decoding=\"async\" width=\"1024\" height=\"576\" data-id=\"237\" src=\"https:\/\/mayaresidence.ro\/wp-content\/uploads\/2024\/05\/Imagine-Interior-2-Dormitor-1024x576.png\" alt=\"\" class=\"wp-image-237\" srcset=\"https:\/\/mayaresidence.ro\/wp-content\/uploads\/2024\/05\/Imagine-Interior-2-Dormitor-1024x576.png 1024w, https:\/\/mayaresidence.ro\/wp-content\/uploads\/2024\/05\/Imagine-Interior-2-Dormitor-300x169.png 300w, https:\/\/mayaresidence.ro\/wp-content\/uploads\/2024\/05\/Imagine-Interior-2-Dormitor-768x432.png 768w, https:\/\/mayaresidence.ro\/wp-content\/uploads\/2024\/05\/Imagine-Interior-2-Dormitor-1536x864.png 1536w, https:\/\/mayaresidence.ro\/wp-content\/uploads\/2024\/05\/Imagine-Interior-2-Dormitor-850x478.png 850w, https:\/\/mayaresidence.ro\/wp-content\/uploads\/2024\/05\/Imagine-Interior-2-Dormitor.png 1778w\" sizes=\"(max-width: 1024px) 100vw, 1024px\" \/><\/figure>\n\n\n\n<figure class=\"wp-block-image size-large\"><img loading=\"lazy\" decoding=\"async\" width=\"1024\" height=\"576\" data-id=\"236\" src=\"https:\/\/mayaresidence.ro\/wp-content\/uploads\/2024\/05\/Imagine-Interior-3-Dormitor-1024x576.png\" alt=\"\" class=\"wp-image-236\" srcset=\"https:\/\/mayaresidence.ro\/wp-content\/uploads\/2024\/05\/Imagine-Interior-3-Dormitor-1024x576.png 1024w, https:\/\/mayaresidence.ro\/wp-content\/uploads\/2024\/05\/Imagine-Interior-3-Dormitor-300x169.png 300w, https:\/\/mayaresidence.ro\/wp-content\/uploads\/2024\/05\/Imagine-Interior-3-Dormitor-768x432.png 768w, https:\/\/mayaresidence.ro\/wp-content\/uploads\/2024\/05\/Imagine-Interior-3-Dormitor-1536x864.png 1536w, https:\/\/mayaresidence.ro\/wp-content\/uploads\/2024\/05\/Imagine-Interior-3-Dormitor-850x478.png 850w, https:\/\/mayaresidence.ro\/wp-content\/uploads\/2024\/05\/Imagine-Interior-3-Dormitor.png 1778w\" sizes=\"(max-width: 1024px) 100vw, 1024px\" \/><\/figure>\n\n\n\n<figure class=\"wp-block-image size-large\"><img loading=\"lazy\" decoding=\"async\" width=\"1024\" height=\"576\" data-id=\"235\" src=\"https:\/\/mayaresidence.ro\/wp-content\/uploads\/2024\/05\/Imagine-Interior-4-Bucatarie-1024x576.png\" alt=\"\" class=\"wp-image-235\" srcset=\"https:\/\/mayaresidence.ro\/wp-content\/uploads\/2024\/05\/Imagine-Interior-4-Bucatarie-1024x576.png 1024w, https:\/\/mayaresidence.ro\/wp-content\/uploads\/2024\/05\/Imagine-Interior-4-Bucatarie-300x169.png 300w, https:\/\/mayaresidence.ro\/wp-content\/uploads\/2024\/05\/Imagine-Interior-4-Bucatarie-768x432.png 768w, https:\/\/mayaresidence.ro\/wp-content\/uploads\/2024\/05\/Imagine-Interior-4-Bucatarie-1536x864.png 1536w, https:\/\/mayaresidence.ro\/wp-content\/uploads\/2024\/05\/Imagine-Interior-4-Bucatarie-850x478.png 850w, https:\/\/mayaresidence.ro\/wp-content\/uploads\/2024\/05\/Imagine-Interior-4-Bucatarie.png 1778w\" sizes=\"(max-width: 1024px) 100vw, 1024px\" \/><\/figure>\n\n\n\n<figure class=\"wp-block-image size-large\"><img loading=\"lazy\" decoding=\"async\" width=\"1024\" height=\"576\" data-id=\"298\" src=\"https:\/\/mayaresidence.ro\/wp-content\/uploads\/2024\/05\/Imagine-5-Living-1024x576.png\" alt=\"\" class=\"wp-image-298\" srcset=\"https:\/\/mayaresidence.ro\/wp-content\/uploads\/2024\/05\/Imagine-5-Living-1024x576.png 1024w, https:\/\/mayaresidence.ro\/wp-content\/uploads\/2024\/05\/Imagine-5-Living-300x169.png 300w, https:\/\/mayaresidence.ro\/wp-content\/uploads\/2024\/05\/Imagine-5-Living-768x432.png 768w, https:\/\/mayaresidence.ro\/wp-content\/uploads\/2024\/05\/Imagine-5-Living-1536x864.png 1536w, https:\/\/mayaresidence.ro\/wp-content\/uploads\/2024\/05\/Imagine-5-Living-850x478.png 850w, https:\/\/mayaresidence.ro\/wp-content\/uploads\/2024\/05\/Imagine-5-Living.png 1778w\" sizes=\"(max-width: 1024px) 100vw, 1024px\" \/><\/figure>\n<\/figure>\n\n\n\n<div style=\"height:100px\" aria-hidden=\"true\" class=\"wp-block-spacer\"><\/div>\n\n\n\n<div class=\"wp-block-group is-nowrap is-layout-flex wp-container-core-group-is-layout-ad2f72ca wp-block-group-is-layout-flex\"><\/div>\n\n\n\n<div class=\"wp-block-columns is-layout-flex wp-container-core-columns-is-layout-9d6595d7 wp-block-columns-is-layout-flex\">\n<div class=\"wp-block-column is-layout-flow wp-block-column-is-layout-flow\" style=\"flex-basis:33.33%\">\n<h2 class=\"wp-block-heading\">Loca\u021bie<\/h2>\n\n\n\n<p>Mayaresidence se afl\u0103 \u00een Fedelesoiu, pe malul Oltului, la 15 minute de mers de Ramnicu Valcea \u0219i 20 minute (cu automobilul) de Calimanesti. Dezvoltarea se face \u00een 3 faze. Faze 1 se va finaliza \u00een anul 2026.<\/p>\n\n\n\n<div class=\"wp-block-columns is-layout-flex wp-container-core-columns-is-layout-9d6595d7 wp-block-columns-is-layout-flex\">\n<div class=\"wp-block-column is-layout-flow wp-block-column-is-layout-flow\" style=\"flex-basis:33.33%\">\n<div class=\"wp-block-buttons is-layout-flex wp-block-buttons-is-layout-flex\">\n<div class=\"wp-block-button\"><a class=\"wp-block-button__link wp-element-button\" href=\"https:\/\/mayaresidence.ro\/index.php\/harta\/\">Vezi harta<\/a><\/div>\n<\/div>\n<\/div>\n\n\n\n<div class=\"wp-block-column is-layout-flow wp-block-column-is-layout-flow\" style=\"flex-basis:66.66%\">\n<div class=\"wp-block-buttons is-layout-flex wp-block-buttons-is-layout-flex\">\n<div class=\"wp-block-button\"><a class=\"wp-block-button__link wp-element-button\" href=\"https:\/\/mayaresidence.ro\/index.php\/jurnal-de-santier\/\">Vizualizeaza jurnal santier<\/a><\/div>\n<\/div>\n<\/div>\n<\/div>\n<\/div>\n\n\n\n<div class=\"wp-block-column is-layout-flow wp-block-column-is-layout-flow\">\n<figure class=\"wp-block-gallery has-nested-images columns-default is-cropped wp-block-gallery-3 is-layout-flex wp-block-gallery-is-layout-flex\">\n<figure class=\"wp-block-image size-large\"><img loading=\"lazy\" decoding=\"async\" width=\"1024\" height=\"658\" data-id=\"137\" src=\"https:\/\/mayaresidence.ro\/wp-content\/uploads\/2024\/05\/harta-1-1024x658.jpg\" alt=\"\" class=\"wp-image-137\" srcset=\"https:\/\/mayaresidence.ro\/wp-content\/uploads\/2024\/05\/harta-1-1024x658.jpg 1024w, https:\/\/mayaresidence.ro\/wp-content\/uploads\/2024\/05\/harta-1-300x193.jpg 300w, https:\/\/mayaresidence.ro\/wp-content\/uploads\/2024\/05\/harta-1-768x493.jpg 768w, https:\/\/mayaresidence.ro\/wp-content\/uploads\/2024\/05\/harta-1-778x500.jpg 778w, https:\/\/mayaresidence.ro\/wp-content\/uploads\/2024\/05\/harta-1.jpg 1245w\" sizes=\"(max-width: 1024px) 100vw, 1024px\" \/><\/figure>\n<\/figure>\n<\/div>\n\n\n\n<div class=\"wp-block-column is-layout-flow wp-block-column-is-layout-flow\" style=\"flex-basis:66.66%\">\n<figure class=\"wp-block-image size-large\"><img loading=\"lazy\" decoding=\"async\" width=\"1024\" height=\"721\" src=\"https:\/\/mayaresidence.ro\/wp-content\/uploads\/2024\/05\/lotizare-3-1024x721.jpg\" alt=\"\" class=\"wp-image-145\" srcset=\"https:\/\/mayaresidence.ro\/wp-content\/uploads\/2024\/05\/lotizare-3-1024x721.jpg 1024w, https:\/\/mayaresidence.ro\/wp-content\/uploads\/2024\/05\/lotizare-3-300x211.jpg 300w, https:\/\/mayaresidence.ro\/wp-content\/uploads\/2024\/05\/lotizare-3-768x541.jpg 768w, https:\/\/mayaresidence.ro\/wp-content\/uploads\/2024\/05\/lotizare-3-710x500.jpg 710w, https:\/\/mayaresidence.ro\/wp-content\/uploads\/2024\/05\/lotizare-3.jpg 1039w\" sizes=\"(max-width: 1024px) 100vw, 1024px\" \/><\/figure>\n<\/div>\n<\/div>\n\n\n\n<div class=\"wp-block-group\"><div class=\"wp-block-group__inner-container is-layout-constrained wp-block-group-is-layout-constrained\">\n<div class=\"wp-block-buttons is-content-justification-center is-layout-flex wp-container-core-buttons-is-layout-16018d1d wp-block-buttons-is-layout-flex\">\n<div class=\"wp-block-button\"><a class=\"wp-block-button__link wp-element-button\" href=\"https:\/\/mayaresidence.ro\/index.php\/preturi\/\">Vezi aici lista de preturi<\/a><\/div>\n<\/div>\n<\/div><\/div>\n\n\n\n<div style=\"height:100px\" aria-hidden=\"true\" class=\"wp-block-spacer\"><\/div>\n\n\n\n<h2 class=\"wp-block-heading\">De ce Mayaresidence<\/h2>\n\n\n\n<div class=\"wp-block-media-text is-stacked-on-mobile\"><figure class=\"wp-block-media-text__media\"><img loading=\"lazy\" decoding=\"async\" width=\"1024\" height=\"576\" src=\"https:\/\/mayaresidence.ro\/wp-content\/uploads\/2024\/05\/fatada-1024x576.jpg\" alt=\"\" class=\"wp-image-140 size-full\" srcset=\"https:\/\/mayaresidence.ro\/wp-content\/uploads\/2024\/05\/fatada-1024x576.jpg 1024w, https:\/\/mayaresidence.ro\/wp-content\/uploads\/2024\/05\/fatada-300x169.jpg 300w, https:\/\/mayaresidence.ro\/wp-content\/uploads\/2024\/05\/fatada-768x432.jpg 768w, https:\/\/mayaresidence.ro\/wp-content\/uploads\/2024\/05\/fatada-1536x864.jpg 1536w, https:\/\/mayaresidence.ro\/wp-content\/uploads\/2024\/05\/fatada-850x478.jpg 850w, https:\/\/mayaresidence.ro\/wp-content\/uploads\/2024\/05\/fatada.jpg 1600w\" sizes=\"(max-width: 1024px) 100vw, 1024px\" \/><\/figure><div class=\"wp-block-media-text__content\">\n<p><\/p>\n<\/div><\/div>\n\n\n\n<div class=\"wp-block-media-text is-stacked-on-mobile\"><figure class=\"wp-block-media-text__media\"><img loading=\"lazy\" decoding=\"async\" width=\"1024\" height=\"576\" src=\"https:\/\/mayaresidence.ro\/wp-content\/uploads\/2024\/05\/fatada-1024x576.jpg\" alt=\"\" class=\"wp-image-140 size-full\" srcset=\"https:\/\/mayaresidence.ro\/wp-content\/uploads\/2024\/05\/fatada-1024x576.jpg 1024w, https:\/\/mayaresidence.ro\/wp-content\/uploads\/2024\/05\/fatada-300x169.jpg 300w, https:\/\/mayaresidence.ro\/wp-content\/uploads\/2024\/05\/fatada-768x432.jpg 768w, https:\/\/mayaresidence.ro\/wp-content\/uploads\/2024\/05\/fatada-1536x864.jpg 1536w, https:\/\/mayaresidence.ro\/wp-content\/uploads\/2024\/05\/fatada-850x478.jpg 850w, https:\/\/mayaresidence.ro\/wp-content\/uploads\/2024\/05\/fatada.jpg 1600w\" sizes=\"(max-width: 1024px) 100vw, 1024px\" \/><\/figure><div class=\"wp-block-media-text__content\">\n<p><\/p>\n<\/div><\/div>\n\n\n\n<div class=\"wp-block-media-text is-stacked-on-mobile\"><figure class=\"wp-block-media-text__media\"><img loading=\"lazy\" decoding=\"async\" width=\"1024\" height=\"576\" src=\"https:\/\/mayaresidence.ro\/wp-content\/uploads\/2024\/05\/fatada-1024x576.jpg\" alt=\"\" class=\"wp-image-140 size-full\" srcset=\"https:\/\/mayaresidence.ro\/wp-content\/uploads\/2024\/05\/fatada-1024x576.jpg 1024w, https:\/\/mayaresidence.ro\/wp-content\/uploads\/2024\/05\/fatada-300x169.jpg 300w, https:\/\/mayaresidence.ro\/wp-content\/uploads\/2024\/05\/fatada-768x432.jpg 768w, https:\/\/mayaresidence.ro\/wp-content\/uploads\/2024\/05\/fatada-1536x864.jpg 1536w, https:\/\/mayaresidence.ro\/wp-content\/uploads\/2024\/05\/fatada-850x478.jpg 850w, https:\/\/mayaresidence.ro\/wp-content\/uploads\/2024\/05\/fatada.jpg 1600w\" sizes=\"(max-width: 1024px) 100vw, 1024px\" \/><\/figure><div class=\"wp-block-media-text__content\">\n<p><\/p>\n<\/div><\/div>\n","protected":false},"excerpt":{"rendered":"<p>complex residential de lux Mayaresidence Interioare Loca\u021bie Mayaresidence se afl\u0103 \u00een Fedelesoiu, pe malul Oltului, la 15 minute de mers de Ramnicu Valcea \u0219i 20 minute (cu automobilul) de Calimanesti. Dezvoltarea se face \u00een 3 faze. Faze 1 se va finaliza \u00een anul 2026. De ce Mayaresidence<\/p>\n","protected":false},"author":1,"featured_media":0,"parent":0,"menu_order":0,"comment_status":"closed","ping_status":"open","template":"","meta":{"inline_featured_image":false,"footnotes":""},"class_list":["post-2","page","type-page","status-publish","hentry"],"_links":{"self":[{"href":"https:\/\/mayaresidence.ro\/index.php\/wp-json\/wp\/v2\/pages\/2","targetHints":{"allow":["GET"]}}],"collection":[{"href":"https:\/\/mayaresidence.ro\/index.php\/wp-json\/wp\/v2\/pages"}],"about":[{"href":"https:\/\/mayaresidence.ro\/index.php\/wp-json\/wp\/v2\/types\/page"}],"author":[{"embeddable":true,"href":"https:\/\/mayaresidence.ro\/index.php\/wp-json\/wp\/v2\/users\/1"}],"replies":[{"embeddable":true,"href":"https:\/\/mayaresidence.ro\/index.php\/wp-json\/wp\/v2\/comments?post=2"}],"version-history":[{"count":63,"href":"https:\/\/mayaresidence.ro\/index.php\/wp-json\/wp\/v2\/pages\/2\/revisions"}],"predecessor-version":[{"id":385,"href":"https:\/\/mayaresidence.ro\/index.php\/wp-json\/wp\/v2\/pages\/2\/revisions\/385"}],"wp:attachment":[{"href":"https:\/\/mayaresidence.ro\/index.php\/wp-json\/wp\/v2\/media?parent=2"}],"curies":[{"name":"wp","href":"https:\/\/api.w.org\/{rel}","templated":true}]}}